{"id":17,"date":"2018-08-06T13:31:11","date_gmt":"2018-08-06T16:31:11","guid":{"rendered":"https:\/\/atr.frlp.utn.edu.ar\/codapli\/?page_id=17"},"modified":"2020-07-02T15:55:49","modified_gmt":"2020-07-02T18:55:49","slug":"inicio","status":"publish","type":"page","link":"https:\/\/codapli.frlp.utn.edu.ar\/","title":{"rendered":""},"content":{"rendered":"<p data-ccp-props=\"{&quot;335551550&quot;:6,&quot;335551620&quot;:6,&quot;335559683&quot;:0,&quot;335559685&quot;:0,&quot;335559731&quot;:0,&quot;335559737&quot;:0,&quot;335562764&quot;:2,&quot;335562765&quot;:1,&quot;335562766&quot;:4,&quot;335562767&quot;:10,&quot;335562768&quot;:4,&quot;335562769&quot;:0}\">\u200b<span data-usefontface=\"false\" data-contrast=\"none\">El Centro de Investigaci\u00f3n de\u00a0<\/span><b><span data-usefontface=\"false\" data-contrast=\"none\">COD<\/span><\/b><span data-usefontface=\"false\" data-contrast=\"none\">ISE\u00d1O\u00a0<\/span><b><span data-usefontface=\"false\" data-contrast=\"none\">APLI<\/span><\/b><span data-usefontface=\"false\" data-contrast=\"none\">CADO, tiene como eje principal la\u00a0<\/span><span data-usefontface=\"false\" data-contrast=\"none\">investigaci\u00f3n, el desarrollo y la innovaci\u00f3n, para su utilizaci\u00f3n en campos\u00a0<\/span><span data-usefontface=\"false\" data-contrast=\"none\">industriales y sociales; para ello es necesaria la fuerte vinculaci\u00f3n entre todos los\u00a0<\/span><span data-usefontface=\"false\" data-contrast=\"none\">actores, esto formula la necesidad de incorporar distintas profesiones que est\u00e9n\u00a0<\/span><span data-usefontface=\"false\" data-contrast=\"none\">vinculados a las problem\u00e1ticas espec\u00edficas\u00a0<\/span><\/p>\n<div><b>\u00a0<\/b><\/div>\n<div>Nuestro espacio de trabajo est\u00e1 dentro de la Universidad Tecnol\u00f3gica Nacional\u00a0Facultad Regional La Plata<\/div>\n<div><\/div>\n","protected":false},"excerpt":{"rendered":"<p>\u200bEl Centro de Investigaci\u00f3n de\u00a0CODISE\u00d1O\u00a0APLICADO, tiene como eje principal la\u00a0investigaci\u00f3n, el desarrollo y la innovaci\u00f3n, para su utilizaci\u00f3n en campos\u00a0industriales y sociales; para ello es necesaria la fuerte vinculaci\u00f3n entre todos los\u00a0actores, esto formula la necesidad de incorporar distintas profesiones que est\u00e9n\u00a0vinculados a las problem\u00e1ticas espec\u00edficas\u00a0 \u00a0 Nuestro espacio de trabajo est\u00e1 dentro de la [&hellip;]<\/p>\n","protected":false},"author":1,"featured_media":0,"parent":0,"menu_order":0,"comment_status":"closed","ping_status":"closed","template":"","meta":[],"_links":{"self":[{"href":"https:\/\/codapli.frlp.utn.edu.ar\/index.php\/wp-json\/wp\/v2\/pages\/17"}],"collection":[{"href":"https:\/\/codapli.frlp.utn.edu.ar\/index.php\/wp-json\/wp\/v2\/pages"}],"about":[{"href":"https:\/\/codapli.frlp.utn.edu.ar\/index.php\/wp-json\/wp\/v2\/types\/page"}],"author":[{"embeddable":true,"href":"https:\/\/codapli.frlp.utn.edu.ar\/index.php\/wp-json\/wp\/v2\/users\/1"}],"replies":[{"embeddable":true,"href":"https:\/\/codapli.frlp.utn.edu.ar\/index.php\/wp-json\/wp\/v2\/comments?post=17"}],"version-history":[{"count":13,"href":"https:\/\/codapli.frlp.utn.edu.ar\/index.php\/wp-json\/wp\/v2\/pages\/17\/revisions"}],"predecessor-version":[{"id":384,"href":"https:\/\/codapli.frlp.utn.edu.ar\/index.php\/wp-json\/wp\/v2\/pages\/17\/revisions\/384"}],"wp:attachment":[{"href":"https:\/\/codapli.frlp.utn.edu.ar\/index.php\/wp-json\/wp\/v2\/media?parent=17"}],"curies":[{"name":"wp","href":"https:\/\/api.w.org\/{rel}","templated":true}]}}