{"id":359,"date":"2020-07-01T23:05:15","date_gmt":"2020-07-02T02:05:15","guid":{"rendered":"https:\/\/codapli.frlp.utn.edu.ar\/?page_id=359"},"modified":"2023-06-02T16:43:11","modified_gmt":"2023-06-02T19:43:11","slug":"proyectos-de-investigacion-y-desarrollo-pid","status":"publish","type":"page","link":"https:\/\/codapli.frlp.utn.edu.ar\/index.php\/proyectos-de-investigacion-y-desarrollo-pid\/","title":{"rendered":"Proyectos de investigaci\u00f3n y desarrollo PID"},"content":{"rendered":"\n<h2 id=\"proyectos-en-curso\" style=\"font-size:30px\">Proyectos en curso:<\/h2>\n\n\n\n<ol style=\"font-size:26px\"><li> <strong>Desarrollos relacionados a los temas energ\u00e9ticos que ayudan en el camino de transformaci\u00f3n a ciudades inteligentes<\/strong><\/li><\/ol>\n\n\n\n<p><\/p>\n\n\n\n<p><strong>Director: Dr. Ing. MACCARONE, Jos\u00e9 Luis<\/strong><\/p>\n\n\n\n<p><strong>Codirector: Ing. RAPALLINI, Jos\u00e9 Antonio<\/strong><\/p>\n\n\n\n<p><strong>Tipo de Proyecto: Investigaci\u00f3n Aplicada<\/strong><\/p>\n\n\n\n<p><strong>C\u00f3digo de Proyecto: ENECALP 8479<\/strong><\/p>\n\n\n\n<p><strong>Fecha de inicio y Finalizaci\u00f3n: 1-1-2022 al 1-1-2025<\/strong><\/p>\n\n\n\n<p><strong>Descripci\u00f3n del Proyecto:<\/strong><\/p>\n\n\n\n<p>Este proyecto toma como base una ciudad del interior de la provincia de Buenos Aires para analizar el estado de situaci\u00f3n desde la visi\u00f3n del \u201cModelo de Ciudades Inteligentes de Pa\u00eds Digital\u201d propuesta por la Argentina para la transformaci\u00f3n de una ciudad convencional en una ciudad inteligente. Se proponen desarrollos y acciones relacionados a los temas energ\u00e9ticos que amalgaman con el modelo. El modelo est\u00e1 compuesto por 5 dimensiones: Gobernanza, Ambiente, Desarrollo Humano, Planeamiento Urbano y Competitividad. Cada dimensi\u00f3n est\u00e1 estructurada por 3 o 4 Ejes y cada Eje est\u00e1 compuesto por Factores (un promedio de 3 Factores por cada Eje).<\/p>\n\n\n\n<p><strong>Objetivos Espec\u00edficos<\/strong><\/p>\n\n\n\n<ol><li>Desarrollo del proyecto de ingenier\u00eda en energ\u00eda el\u00e9ctrica para la 1\u00aa Estaci\u00f3n de Recarga de Veh\u00edculos El\u00e9ctricos de la ciudad y de la Regi\u00f3n de San Miguel del Monte en punto estrat\u00e9gico de la Regi\u00f3n.<\/li><li>Adaptar metodolog\u00eda y software de Gesti\u00f3n de la Energ\u00eda desarrollado por la UTN LP, para el Municipio y PyMEs de la Regi\u00f3n de San Miguel del Monte, que quieran participar del proyecto para desarrollar un camino de mejora continua en t\u00e9rminos de desempe\u00f1o energ\u00e9tico.<\/li><li>Desarrollo de Indicadores Energ\u00e9ticos para la ciudad y para Edificios P\u00fablicos de San Miguel del Monte<\/li><li>Desarrollo, Adaptaci\u00f3n y Pruebas de un sistema de Comunicaci\u00f3n a trav\u00e9s de las actuales redes de alimentaci\u00f3n de energ\u00eda el\u00e9ctrica de baja tensi\u00f3n.<\/li><\/ol>\n\n\n\n<p><strong>Logros obtenidos:<\/strong> <\/p>\n\n\n\n<p>Hasta la fecha se avanz\u00f3 en el an\u00e1lisis para la instalaci\u00f3n de la estaci\u00f3n de recarga en la ciudad de San Miguel del Monte. En dicho an\u00e1lisis se tuvo en cuenta que a la Ciudad de San Miguel del Monte la cruza la ruta nacional n\u00ba 3, entre otras importantes, adem\u00e1s de encontrarse distanciada 100 km de la Ciudad Aut\u00f3noma de Buenos Aires, y cercana a otras grandes urbes como la ciudad de La Plata, Lobos, Brandsen, Las Flores. La laguna de S. M. del Monte (contigua a la ciudad) es un lugar elegido tambi\u00e9n por el turismo por las diferentes actividades deportivas y de esparcimiento que se llevan a cabo en la Laguna y en sus campings alrededor de la misma. Si bien el Proyecto para la instalaci\u00f3n de la estaci\u00f3n de recarga est\u00e1 concluido, del an\u00e1lisis surge que se replantear\u00e1 la forma de ofrecer la recarga a los futuros usuarios locales de veh\u00edculos el\u00e9ctricos y principalmente a los visitantes que se acercan con fines tur\u00edsticos.<\/p>\n\n\n\n<p>Con respecto al PLC (power line communications) est\u00e1 desarrollado el hardware con prueba satisfactoria, y se est\u00e1 adaptando para la prueba en campo, para lo cual se utilizan dos medidores conectados a la misma fase de alimentaci\u00f3n de energ\u00eda en baja tensi\u00f3n, para lo cual se utiliza la red el\u00e9ctrica de la Cooperativa de San Miguel del Monte, por la vinculaci\u00f3n que se tiene con la cooperativa y para comparar las mediciones con la tecnolog\u00eda actual que tienen, ya que cuentan en varios puntos de la red, con telemedici\u00f3n. Las primeras aproximaciones de costo nos indica que el desarrollo del PLC se puede realizar a mitad de valor de mercado. Este sistema aportar\u00e1 al proceso de la conversi\u00f3n a redes el\u00e9ctricas inteligentes (Smart Grid) y de esa manera suma en el eje de Innovaci\u00f3n de la dimensi\u00f3n de Competitividad del Modelo.<\/p>\n\n\n\n<p><strong>Dificultades<\/strong><\/p>\n\n\n\n<p>Retener a j\u00f3venes profesionales con potencial es una tarea muy dificultosa debido a las importantes ofertas laborales del sector energ\u00e9tico, con sueldos que superan en demas\u00eda las becas y sueldos de los j\u00f3venes investigadores.<\/p>\n\n\n\n<p><\/p>\n\n\n\n<p><\/p>\n\n\n\n<ol start=\"2\" style=\"font-size:26px\"><li><a><\/a> <strong>Tratamiento de se\u00f1ales aplicado a Sistemas El\u00e9ctricos<\/strong><\/li><\/ol>\n\n\n\n<p><strong>Director: Dr. Osvaldo H\u00e9ctor Pascual<\/strong><\/p>\n\n\n\n<p><strong>Codirector: Ing. Ariel Albanese<\/strong><\/p>\n\n\n\n<p><strong>Tipo de Proyecto: Investigaci\u00f3n Aplicada<\/strong><\/p>\n\n\n\n<p><strong>C\u00f3digo de Proyecto: ENUTILP0005163TC<\/strong><\/p>\n\n\n\n<p><strong>Fecha de inicio y Finalizaci\u00f3n: 01\/01\/2019 &#8211; 31\/12\/2022 (Prorrogado hasta el 31\/03\/23)<\/strong><\/p>\n\n\n\n<p><strong>Descripci\u00f3n del Proyecto: <\/strong><\/p>\n\n\n\n<p>Siguiendo la l\u00ednea de trabajo llevada adelante por m\u00e1s de 10 a\u00f1os, a trav\u00e9s de la ejecuci\u00f3n de diferentes proyectos de I+D+i, el trabajo a desarrollar bajo el marco de la presente propuesta consiste en aplicar diferentes herramientas del tratamiento digital de se\u00f1ales, para el procesamiento de la informaci\u00f3n obtenida de los sistemas el\u00e9ctricos de potencia, con el objeto de mejorar las condiciones de explotaci\u00f3n de dicho sistema y del equipamiento asociado a \u00e9l.<\/p>\n\n\n\n<p>La mencionada informaci\u00f3n se encuentra contenida en las se\u00f1ales de tensiones y corrientes provenientes de las diferentes fases del sistema el\u00e9ctrico de transmisi\u00f3n y\/o distribuci\u00f3n, permitiendo identificar diferentes problem\u00e1ticas asociadas con la calidad de servicio (desbalances, arm\u00f3nicos, parpadeo, etc.). Contemplando lo dicho y las situaciones particulares de las redes argentinas, se buscar\u00e1 profundizar el an\u00e1lisis relacionado con la cuantificaci\u00f3n de la penetraci\u00f3n que presenta este tipo de perturbaciones, sobre equipamiento que se vincula con el sistema el\u00e9ctrico (transformadores, motores, etc.). Analizando, adem\u00e1s, el impacto que tiene los citados problemas de calidad de servicio sobre las p\u00e9rdidas t\u00e9cnicas en la transmisi\u00f3n y\/o distribuci\u00f3n de energ\u00eda el\u00e9ctrica, para lo cual se tendr\u00e1n en cuenta los conceptos adquiridos por los integrantes del grupo de trabajo relacionados con la eficiencia energ\u00e9tica. En tal sentido, es importante destacar que a trav\u00e9s de la aplicaci\u00f3n de herramientas tales como el algoritmo num\u00e9rico para el c\u00e1lculo de funciones avanzadas FFT (Fast Fourier Transform) para el c\u00f3mputo de la DFT (Discrete Fourier Transform) y herramientas de inteligencia artificial, tales como: algoritmos gen\u00e9ticos y diferentes arquitecturas de redes neuronales (fundamentalmente la utilizada en algunos de los trabajos realizados y en curso se relaciona con la Backpropagation Network &#8220;BPN&#8221;), se han logrado aportes concretos dentro del \u00e1rea de trabajo propuesta.<\/p>\n\n\n\n<p><strong>Logros obtenidos<\/strong><\/p>\n\n\n\n<p>Adem\u00e1s de cumplir con los objetivos planteados en el proyecto en el a\u00f1o 2022 y bajo la \u00f3rbita del grupo TSSE se realizaron los estudios del Estado de carga de las instalaciones que conforman la concesi\u00f3n de los prestadores del servicio de distribuci\u00f3n de energ\u00eda el\u00e9ctrica de la provincia. Como as\u00ed tambi\u00e9n la determinaci\u00f3n de una metodolog\u00eda para el c\u00e1lculo de p\u00e9rdidas t\u00e9cnicas de energ\u00eda de los prestadores del servicio de distribuci\u00f3n de energ\u00eda el\u00e9ctrica de la provincia de Bs. As. Lo dicho en el marco de la CARTA OFERTA SERVICIOS DE CONSULTOR\u00cdA suscripta el d\u00eda 09\/12\/2020 entre la UTN FRLP y Fideicomiso para la Inversi\u00f3n en Distribuci\u00f3n y Mantenimiento Correctivo en la Provincia de Buenos Aires (FIDBA).<\/p>\n\n\n\n<p><strong>Dificultades<\/strong> <\/p>\n\n\n\n<p>Durante el a\u00f1o 2021 y producto de la pandemia de p\u00fablico conocimiento, se presentaron dificultades para realizar la totalidad de ensayos de Laboratorio previstos en la planificaci\u00f3n del citado proyecto, se solicit\u00f3 una pr\u00f3rroga con el objeto de validar algunos de los resultados te\u00f3ricos obtenidos, la cual fue aceptada.<\/p>\n\n\n\n<p><\/p>\n\n\n\n<p><\/p>\n\n\n\n<ol start=\"3\" style=\"font-size:26px\"><li><a><\/a> <strong>Red Tecnol\u00f3gica Nacional de Eficiencia Energ\u00e9tica (etapa II)<\/strong><\/li><\/ol>\n\n\n\n<p><strong>Director: Ing. Luis Hernandez<\/strong><\/p>\n\n\n\n<p><strong>Codirector: Dr. Jos\u00e9 Luis Maccarone<\/strong><\/p>\n\n\n\n<p><strong>Tipo de Proyecto: Integrador<\/strong><\/p>\n\n\n\n<p><strong>C\u00f3digo de Proyecto: IPNN4941<\/strong><\/p>\n\n\n\n<p><strong>Fecha de inicio y Finalizaci\u00f3n: 01\/01\/2018 &#8211; 31\/12\/2022<\/strong><\/p>\n\n\n\n<p><strong>Descripci\u00f3n del proyecto<\/strong><\/p>\n\n\n\n<p>Se trata de un proyecto integrador asociativo el cual es coordinado por la Facultad Regional Gral. Pacheco, y participan las Regionales: Delta, Pacheco, La Plata, Buenos Aires, Santa Fe, Avellaneda, Neuqu\u00e9n, Mendoza, Trenque Lauquen y Bah\u00eda Blanca. La propuesta es continuar con un Proyecto del tipo integrador entre los grupos que trabajan en el campo energ\u00e9tico, con el fin de afianzar la Red Tecnol\u00f3gica Nacional Sobre Eficiencia Energ\u00e9tica en el \u00e1mbito de la Universidad Tecnol\u00f3gica Nacional (RedTecNEE). Hay una vasta experiencia de trabajos realizados por los distintos grupos de nuestra Universidad y es necesario que los mismos sigan compartiendo sus experiencias y encuentren un lugar com\u00fan de informaci\u00f3n, datos, an\u00e1lisis, debates y desarrollos en el campo de la energ\u00eda, especialmente la Eficiencia Energ\u00e9tica. El conocimiento en el uso eficiente de la energ\u00eda, a trav\u00e9s del intercambio de informaci\u00f3n cient\u00edfico y tecnol\u00f3gico, experiencias y soluciones que contribuyan al desarrollo energ\u00e9tico sostenible; fomentando la cooperaci\u00f3n relacionados con los recursos, las fuentes y tecnolog\u00edas energ\u00e9ticas en toda la cadena energ\u00e9tica desde la exploraci\u00f3n y extracci\u00f3n hasta los servicios energ\u00e9ticos, son los principales vectores que orientan el fin de esta propuesta. La determinaci\u00f3n de un medio \u00f3ptimo de comunicaci\u00f3n y de difusi\u00f3n de resultados de trabajos de investigaci\u00f3n cient\u00edfica y acad\u00e9mica, hoy se ha constituido en una necesidad imperiosa dentro de las redes de instituciones de educaci\u00f3n superior que forman grupos de investigaci\u00f3n, ya que esta comunicaci\u00f3n facilita la interacci\u00f3n entre los miembros investigadores y permite, adem\u00e1s, el centrar los esfuerzos conjuntos en el desarrollo \u00fanico y eficaz de temas de inter\u00e9s com\u00fan.<\/p>\n\n\n\n<p><strong>Logros obtenidos<\/strong><\/p>\n\n\n\n<p><strong> <\/strong>Se est\u00e1 generando un \u00e1mbito de integraci\u00f3n de conocimientos, actividades acad\u00e9micas y cient\u00edfico-tecnol\u00f3gicas, a nivel nacional, con el fin de contribuir al estudio sobre la eficiencia energ\u00e9tica. Promover el desarrollo de proyectos de investigaci\u00f3n y desarrollo (PIDs) y la creaci\u00f3n de capacidades en las Facultades Regionales participantes, que sirvan para aumentar la eficiencia energ\u00e9tica en los sectores p\u00fablico y privado, como elemento fundamental del desarrollo sustentable, mediante la interacci\u00f3n, la cooperaci\u00f3n y la transferencia de conocimientos entre los grupos que integran la red tem\u00e1tica de eficiencia energ\u00e9tica, promoviendo acciones coordinadas con otras dependencias del Estado Nacional y organismos del \u00e1mbito regional e internacional. Colaborando a nivel nacional con el cumplimiento de algunos de los 17 Objetivos de Desarrollo Sostenible del Milenio.<\/p>\n\n\n\n<p><strong>Dificultades<\/strong>: <\/p>\n\n\n\n<p>Como consecuencia de la Pandemia durante el 2021, la no presencialidad en las aulas y laboratorios retras\u00f3 los avances de la planificaci\u00f3n de este proyecto, que se fueron desarrollando en el presente periodo.<\/p>\n\n\n\n<p><\/p>\n\n\n\n<p><\/p>\n\n\n\n<ol start=\"4\" style=\"font-size:26px\"><li><a><\/a> <strong>Gamificaci\u00f3n aplicada a terapia de la memoria y atenci\u00f3n (GAMA)<\/strong><\/li><\/ol>\n\n\n\n<p><strong>Director: Lic. Cortizo, Andrea<\/strong><\/p>\n\n\n\n<p><strong>Tipo de Proyecto: Investigaci\u00f3n Aplicada<\/strong><\/p>\n\n\n\n<p><strong>C\u00f3digo de Proyecto: SIUTNLP0007807<\/strong><\/p>\n\n\n\n<p><strong>Fecha de inicio y Finalizaci\u00f3n: <\/strong><strong>01\/01\/20 &#8211; 31\/03\/22 &#8211; prorroga 12\/2023<\/strong><\/p>\n\n\n\n<p><strong>Descripci\u00f3n del Proyecto:<\/strong><\/p>\n\n\n\n<p>El proyecto propone brindar un sistema que incentive y motive a las personas con trastornos cognitivos permitiendo aumentar la adherencia al tratamiento, basado en t\u00e9cnicas de gamificaci\u00f3n o ludificaci\u00f3n.<\/p>\n\n\n\n<p>Los d\u00e9ficits atencionales y de Memoria de Trabajo son unas de las secuelas m\u00e1s frecuentes, post lesi\u00f3n cerebral; las primeras, tienen una prevalencia del 80% (Leclercq &amp;amp; Sturm, 2002) y las segundas, del 49 % (Jokinen et al; 2015). Como consecuencia, las personas afectadas presentan distractibilidad y disminuci\u00f3n en la capacidad para adquirir, retener y evocar informaci\u00f3n relevante del ambiente; afectando su calidad de vida. Por lo tanto, la intervenci\u00f3n sobre ambos dominios cognitivos es un objetivo prioritario en casicualquier proceso de rehabilitaci\u00f3n de secuelas de patolog\u00edas cerebrales.<\/p>\n\n\n\n<p>Para influir positivamente en la adherencia a las terapias, se ha propuesto integrar caracter\u00edsticas de gamificaci\u00f3n a tecnolog\u00edas dirigidas a la rehabilitaci\u00f3n (Marston &amp;amp; Hall, 2016). La Gamificaci\u00f3n (Deterding et al.; 2011) es \u201cel uso de elementos de dise\u00f1o de juegos en contextos de no-juegos\u201d.<\/p>\n\n\n\n<p><strong>Objetivos generales:<\/strong><\/p>\n\n\n\n<p>Dise\u00f1ar estimulaci\u00f3n cognitiva, para atenci\u00f3n y memoria, gamificada. Generar conocimiento de gamificaci\u00f3n en terapias de los dominios cognitivos de atenci\u00f3n y memoria.<\/p>\n\n\n\n<p>Objetivos Espec\u00edficos:<\/p>\n\n\n\n<p>Efectuar una revisi\u00f3n sistem\u00e1tica del estado del arte de los temas que trata el proyecto: Gamificaci\u00f3n aplicada a trastornos cognitivos. Especificar los tipos de gamificaci\u00f3n a utilizar. Dise\u00f1ar estimulaci\u00f3n cognitiva gamificada para el dominio Memoria. Dise\u00f1ar estimulaci\u00f3n cognitiva gamificada para el dominio Atenci\u00f3n. Dictar seminarios de difusi\u00f3n<\/p>\n\n\n\n<p><strong>Logros obtenidos: <\/strong>prototipo gamificado para la rehabilitaci\u00f3n de la atenci\u00f3n.<\/p>\n\n\n\n<p><strong>Dificultades:<\/strong> rotaci\u00f3n de becarios.<\/p>\n\n\n\n<p><\/p>\n\n\n\n<ol start=\"5\" style=\"font-size:26px\"><li><a><\/a><strong>Movilidad sustentable mediante tecnolog\u00eda de celdas de combustible de hidr\u00f3geno y bater\u00edas de i\u00f3n litio<\/strong><\/li><\/ol>\n\n\n\n<p><strong>Director: Dr. Mg. Ing. C\u00e9spedes, Germ\u00e1n<\/strong><\/p>\n\n\n\n<p><strong>Codirector: Dr. Mg. Ing. Asteazaran, Mariano<\/strong><\/p>\n\n\n\n<p><strong>C\u00f3digo del proyecto: ENUTLP 0006610<\/strong><\/p>\n\n\n\n<p><strong>Fecha de inicio y finalizaci\u00f3n: 01\/01\/20 &#8211; 31\/03\/22<\/strong><\/p>\n\n\n\n<p><strong>Descripci\u00f3n del Proyecto:&nbsp;<\/strong><em>&nbsp;<\/em><\/p>\n\n\n\n<p>Este proyecto se centra en el estudio e implementaci\u00f3n de catalizadores relevantes a fin de ser utilizados en celdas de combustible para la generaci\u00f3n de energ\u00eda limpia. Adem\u00e1s, sienta las bases para la presentaci\u00f3n de planos y dise\u00f1o de prototipos de cargadores solares para dispositivos de electromovilidad peque\u00f1os.&nbsp;<\/p>\n\n\n\n<p><strong>Logros obtenidos<\/strong>:&nbsp;<\/p>\n\n\n\n<p>Se han realizado pruebas de catalizadores para la mejora de la reacci\u00f3n de reducci\u00f3n de ox\u00edgeno, se desarrollaron ensambles electrodo-membrana-electrodo para la celda de combustible de hidr\u00f3geno, los cuales fueron objeto de presentaciones a congresos y charlas de inter\u00e9s.<\/p>\n\n\n\n<p><strong>Dificultades<\/strong>: Debido a la pandemia y al cierre de los laboratorios ubicados en la universidad, se retomaron las actividades del proyecto reci\u00e9n a finales del a\u00f1o 2021.\u00a0<\/p>\n\n\n\n<p><\/p>\n\n\n\n<ol start=\"6\" style=\"font-size:26px\"><li><a><\/a><a><\/a><strong>Obtenci\u00f3n Limpia de Energ\u00eda mediante Sistemas Basados en Energ\u00edas Alternativas y Tecnolog\u00edas del Hidr\u00f3geno.<\/strong><\/li><\/ol>\n\n\n\n<p><strong>Director: Ing. Cespedes, German<\/strong><\/p>\n\n\n\n<p><strong>Codirector: Ing. Asteazaran, Mariano<\/strong><\/p>\n\n\n\n<p><strong>C\u00f3digo del proyecto: MAUTNLP0006611<\/strong><\/p>\n\n\n\n<p><strong>Fecha de inicio y de finalizaci\u00f3n: <\/strong><strong>01\/01\/20 &#8211; 31\/03\/22<\/strong><\/p>\n\n\n\n<p><strong>Descripci\u00f3n del proyecto<\/strong>: Investigaci\u00f3n y desarrollo de celdas de combustible de amon\u00edaco directo para la generaci\u00f3n de energ\u00eda&nbsp;limpia, Esto incluye la s\u00edntesis de catalizadores nanoestructurados para las reacciones de inter\u00e9s y su an\u00e1lisis&nbsp;fisco-electroqu\u00edmico.<\/p>\n\n\n\n<p><strong>Logros obtenidos<\/strong>: Se han obtenidos catalizadores con buenas prestaciones para las reacciones de reducci\u00f3n de ox\u00edgeno y oxidaci\u00f3n de amon\u00edaco, las cuales fueron reflejadas en presentaciones a congresos, pr\u00e1cticas supervisadas y charlas de inter\u00e9s.<\/p>\n\n\n\n<p><strong>Dificultades<\/strong>: Debido a la pandemia y al cierre de los laboratorios ubicados en la universidad, se retomaron las actividades del proyecto reci\u00e9n a finales del a\u00f1o 2021.\u00a0<\/p>\n\n\n\n<p><\/p>\n\n\n\n<ol start=\"7\" style=\"font-size:26px\"><li><a><\/a><a><\/a><strong>Desarrollo de sistemas h\u00edbridos para la provisi\u00f3n sustentable de electricidad empleando energ\u00edas renovables.<\/strong><\/li><\/ol>\n\n\n\n<p><strong>Tipo de proyecto<\/strong>: Proyectos Federales de Innovaci\u00f3n Productiva &#8211; Medio Ambiente y Energ\u00edas Alternativas<\/p>\n\n\n\n<p><strong>Director: Ing. Cespedes, German<\/strong><\/p>\n\n\n\n<p><strong>Codirector: Ing. Asteazaran, Mariano<\/strong><\/p>\n\n\n\n<p><strong>C\u00f3digo del proyecto<\/strong>: PFIP &#8211; MAE<\/p>\n\n\n\n<p><strong>Fecha de inicio y de finalizaci\u00f3n<\/strong>: Periodo: 2020 \u2013 2023<\/p>\n\n\n\n<p><strong>Descripci\u00f3n del proyecto<\/strong>: Este proyecto propone la caracterizaci\u00f3n, dise\u00f1o e implementaci\u00f3n de sistemas h\u00edbridos solar\/e\u00f3lico para la generaci\u00f3n de energ\u00eda el\u00e9ctrica y energ\u00eda t\u00e9rmica para su emplazamiento en lugares aislados de la red el\u00e9ctrica convencional.<\/p>\n\n\n\n<p><\/p>\n\n\n\n<ol start=\"8\" style=\"font-size:26px\"><li> <strong>Red Argentina Colaborativa de Laboratorios de Acceso Remoto<\/strong><\/li><\/ol>\n\n\n\n<p><strong>Tipo de proyecto:<\/strong><strong> Proyecto presentado a la Universidad Nacional del Nordeste y al Consejo Federal de Decanos de Ingenier\u00eda Rep\u00fablica Argentina (CONFEDI) y financiado por la Secretar\u00eda de Pol\u00edticas Universitarias del Ministerio de Educaci\u00f3n.<\/strong><\/p>\n\n\n\n<p><strong>Director: Jos\u00e9 Rapallini.<\/strong><\/p>\n\n\n\n<p><strong>Fuente de financiamiento: COFECYT, MinCyT<\/strong><\/p>\n\n\n\n<p><strong>Fecha de inicio y de finalizaci\u00f3n<\/strong>: Periodo: 2022 \u2013 2023<\/p>\n\n\n\n<p><strong>Descripci\u00f3n del proyecto<\/strong>: Para dar respuesta a la problem\u00e1tica de la formaci\u00f3n experimental en las carreras de Ingenier\u00eda en contextos de presencialidad restringida.<\/p>\n\n\n\n<p><strong>Logros obtenidos<\/strong>: Dise\u00f1o y de desarrollo de dos laboratorios<\/p>\n\n\n\n<p><strong>Dificultades<\/strong>: No disponer los recursos en tiempo y forma<\/p>\n\n\n\n<p><strong>Equipo responsable:<\/strong><\/p>\n\n\n\n<p>Susana Juanto, Hugo Mazzeo, Diego Alustiza, Marcelo Zabaljauregui, Omar Rodr\u00edguez&#8221;<\/p>\n\n\n\n<p><\/p>\n\n\n\n<p style=\"font-size:26px\"><strong>Proyectos anteriores:<\/strong><\/p>\n\n\n\n<ul><li>Codise\u00f1o Aplicado con Redes de Sensores Inal\u00e1mbricos en Tiempo Real<\/li><li>Dise\u00f1o de bombas de infusi\u00f3n de insulina inteligentes<\/li><li>Estudio y modelizaci\u00f3n de equipos, para la valoraci\u00f3n de la fatiga en mezclas asf\u00e1lticas, incluidos en la actual normativa europea<\/li><li>Gamificaci\u00f3n de rehabilitaci\u00f3n de Memoria y atenci\u00f3n (GAMA)<\/li><li>Control No lineal de motores el\u00e9ctricos con aplicaciones biom\u00e9dicas<\/li><li>Tratamiento de se\u00f1ales aplicado a Sistemas El\u00e9ctricos<\/li><li>Desarrollo e Implementaci\u00f3n de un Laboratorio de Pr\u00e1cticas y Experiencias sobre Eficiencia Energ\u00e9tica en equipos y procesos<\/li><li>Red Tecnol\u00f3gica Nacional de Eficiencia Energ\u00e9tica (etapa II)  <\/li><\/ul>\n\n\n\n<p><\/p>\n","protected":false},"excerpt":{"rendered":"<p>Proyectos en curso: Desarrollos relacionados a los temas energ\u00e9ticos que ayudan en el camino de transformaci\u00f3n a ciudades inteligentes Director: Dr. Ing. MACCARONE, Jos\u00e9 Luis Codirector: Ing. RAPALLINI, Jos\u00e9 Antonio Tipo de Proyecto: Investigaci\u00f3n Aplicada C\u00f3digo de Proyecto: ENECALP 8479 Fecha de inicio y Finalizaci\u00f3n: 1-1-2022 al 1-1-2025 Descripci\u00f3n del Proyecto: Este proyecto toma como [&hellip;]<\/p>\n","protected":false},"author":1,"featured_media":0,"parent":0,"menu_order":0,"comment_status":"closed","ping_status":"closed","template":"","meta":[],"_links":{"self":[{"href":"https:\/\/codapli.frlp.utn.edu.ar\/index.php\/wp-json\/wp\/v2\/pages\/359"}],"collection":[{"href":"https:\/\/codapli.frlp.utn.edu.ar\/index.php\/wp-json\/wp\/v2\/pages"}],"about":[{"href":"https:\/\/codapli.frlp.utn.edu.ar\/index.php\/wp-json\/wp\/v2\/types\/page"}],"author":[{"embeddable":true,"href":"https:\/\/codapli.frlp.utn.edu.ar\/index.php\/wp-json\/wp\/v2\/users\/1"}],"replies":[{"embeddable":true,"href":"https:\/\/codapli.frlp.utn.edu.ar\/index.php\/wp-json\/wp\/v2\/comments?post=359"}],"version-history":[{"count":4,"href":"https:\/\/codapli.frlp.utn.edu.ar\/index.php\/wp-json\/wp\/v2\/pages\/359\/revisions"}],"predecessor-version":[{"id":428,"href":"https:\/\/codapli.frlp.utn.edu.ar\/index.php\/wp-json\/wp\/v2\/pages\/359\/revisions\/428"}],"wp:attachment":[{"href":"https:\/\/codapli.frlp.utn.edu.ar\/index.php\/wp-json\/wp\/v2\/media?parent=359"}],"curies":[{"name":"wp","href":"https:\/\/api.w.org\/{rel}","templated":true}]}}