{"id":390,"date":"2020-12-30T18:49:24","date_gmt":"2020-12-30T21:49:24","guid":{"rendered":"https:\/\/codapli.frlp.utn.edu.ar\/?page_id=390"},"modified":"2023-06-02T16:25:06","modified_gmt":"2023-06-02T19:25:06","slug":"congresos-2021","status":"publish","type":"page","link":"https:\/\/codapli.frlp.utn.edu.ar\/index.php\/congresos-2021\/","title":{"rendered":"Congresos"},"content":{"rendered":"\n<h3 id=\"trabajos-presentados-en-congresos-y-reuniones-cientificas-con-referato\">Trabajos presentados en congresos y reuniones cient\u00edficas con referato<\/h3>\n\n\n\n<ol><li>Rodriguez Inti, Guicciardini Agust\u00edn, Merker Germ\u00e1n, Jos\u00e9 L. Maccarone, Pascual Osvaldo, Abel Abraham, \u201cEn el Camino de Transformaci\u00f3n a Ciudades Inteligentes Centro de Carga de EVS \u2013 Caso San Miguel del Monte,\u201d <em>XI SEMINARIO NACIONAL DE ENERG\u00cdA Y SU USO EFICIENTE<\/em>, Organizado por la Secretar\u00eda de Ciencia, Tecnolog\u00eda y Posgrado de la UTN, Programa de energ\u00eda Red Tecnol\u00f3gica Nacional Sobre Eficiencia Energ\u00e9tica (REDTECNEE). ISBN ***, ISSN ***. Realizado entre el 24 y 25 de noviembre de 2022. (<a href=\"https:\/\/rtyc.utn.edu.ar\/index.php\/ajea\/issue\/archive\">https:\/\/rtyc.utn.edu.ar\/index.php\/ajea\/issue\/archive<\/a>)<\/li><li> H\u00e9ctor O. Pascual, Ariel A. Albanese, Jos\u00e9 L. Maccarone, Guillermo R. Cocha, \u201cFundamentos para incorporar en la reglamentaci\u00f3n de Argentina, l\u00edmites directos del desbalance en las Redes de Distribuci\u00f3n de Energ\u00eda El\u00e9ctrica,\u201d <em>IV\u00b0 Congreso de Investigaci\u00f3n y Transferencia Tecnol\u00f3gica en Ingenier\u00eda El\u00e9ctrica (IV CITTIE)<\/em>, Universidad Tecnol\u00f3gica Nacional Facultad Regional Delta, Buenos Aires, Argentina, 29 y 30 de septiembre de 2022.<\/li><li> Jos\u00e9 L. Maccarone, Abel Abraham, Omar Rodriguez, Osvaldo Pascual, Facundo Colavitte, Miguel A. Sansone, \u201cUn Camino Para Transformar las Amenazas en Oportunidades \u2013 Tri\u00e1ngulo de Vinculaci\u00f3n: Cooperativas el\u00e9ctricas \u2013 FACE \u2013 Universidad,\u201d <em>IV\u00b0 Congreso de Investigaci\u00f3n y Transferencia Tecnol\u00f3gica en Ingenier\u00eda El\u00e9ctrica (IV CITTIE)<\/em>, Universidad Tecnol\u00f3gica Nacional Facultad Regional Delta, Buenos Aires, Argentina, 29 y 30 de septiembre de 2022.<\/li><li>Participaci\u00f3n en el Comit\u00e9 Nacional sobre Normas para la Gesti\u00f3n de la Energ\u00eda, Comit\u00e9 TC 301 de la ISO, varias reuniones durante el 2022 sobre Normas y Gu\u00edas sobre Eficiencia y Desempe\u00f1o Energ\u00e9tico.<\/li><\/ol>\n\n\n\n<ol start=\"5\"><li>Susana Juanto, Marcelo Zabaljauregui, Diego Alustiza, Hugo Mazzeo, Omar Rodr\u00edguez, Jos\u00e9 Rapallni, \u00a8Laboratorios Remotos Aplicados a la Ense\u00f1anza Universitaria\u00a8. CONAIISI 2022 (Congreso Nacional en Ingenier\u00eda en Sistemas de Informaci\u00f3n). Concepci\u00f3n del Uruguay, Entre R\u00edos, 3\/11\/22<\/li><\/ol>\n\n\n\n<ol start=\"6\"><li>Yoel Maximiliano Almir\u00f3n, Hugo Mazzeo, \u00a8Sincronizaci\u00f3n de tr\u00e1fico de veh\u00edculos por medio de Inteligencia Artificial\u00a8. CONAIISI 2022 (Congreso Nacional en Ingenier\u00eda en Sistemas de Informaci\u00f3n). Concepci\u00f3n del Uruguay, Entre R\u00edos, 3\/11\/22<\/li><\/ol>\n\n\n\n<ol start=\"7\"><li>Arana Cristian; Brizuela El\u00edas; Rapallini Mat\u00edas; Rojas Cristian; Jorge,Mat\u00edas; Mazzeo Hugo; Rapallini Jos\u00e9; Rodr\u00edguez Omar.\u00a8Dise\u00f1o e implementaci\u00f3n de un lector de perfiles de levas\u00a8. CONAIISI 2022 (Congreso Nacional en Ingenier\u00eda en Sistemas de Informaci\u00f3n). Concepci\u00f3n del Uruguay, Entre R\u00edos, 3\/11\/22<\/li><\/ol>\n\n\n\n<ol start=\"8\"><li>Cecilia Culzoni, Antonela Fissore, Susana Juanto y Jorge Paruelo. \u00a8La ense\u00f1anza basada en la modelizaci\u00f3n a partir de actividades experimentales\u00a8. 6to Congreso Argentino de Ingenier\u00eda (CADI) y 12vo CAEDI (Congreso Argentino de Ense\u00f1anza de la Ingenier\u00eda). Resistencia, Chaco. 7 de septiembre de 2022<\/li><li>G C\u00e9spedes; A. Guiciardini; F. Risculese; R. Vollaverde; M Asteazar\u00e1n.\u00a8 Sistemas h\u00edbridos de generaci\u00f3n el\u00e9ctrica empleando fuentes de energ\u00eda renovable\u00a8. IV\u00b0 Congreso de Investigaci\u00f3n y Transferencia Tecnol\u00f3gica en Ingenier\u00eda El\u00e9ctrica (IV CITTIE). Campana, Buenos Aires. 2022<\/li><li>E. Saab; AM. Castro Luna; M Asteazar\u00e1n; G C\u00e9spedes. Tecnolog\u00eda de energ\u00eda sustentable libre de carbono: uso de electrocatalizadores no preciosos para celdas de combustible de amon\u00edaco directo. Jornadas de Intercambio y Difusi\u00f3n de los Resultados de Investigaciones de los Doctorandos en Ingenier\u00eda de la UTN. Virtual. 2022<\/li><li>G C\u00e9spedes; M Asteazar\u00e1n. Efecto de la carga catal\u00edtica en celdas de combustible de baja temperatura. IV\u00b0 Congreso de Investigaci\u00f3n y Transferencia Tecnol\u00f3gica en Ingenier\u00eda El\u00e9ctrica (IV CITTIE). Campana, Buenos Aires. 2022<\/li><li>E. Saab; M. Di Lorenzo; AM. Castro Luna; G C\u00e9spedes; M Asteazar\u00e1n. Celdas de combustible de amon\u00edaco directo para la obtenci\u00f3n de electricidad y protecci\u00f3n del medio ambiente. Estudio de nanomateriales para la construcci\u00f3n de un modelo. IV\u00b0 Congreso de Investigaci\u00f3n y Transferencia Tecnol\u00f3gica en Ingenier\u00eda El\u00e9ctrica (IV CITTIE). Campana, Buenos Aires. 2022<\/li><li>Facundo Chazarreta, Mat\u00edas Busum Fradera, Mg. Ing. Jorge R. Osio, Juan E. Salvatore, Ing. Mauro Salina,Ing. Florencia Ayala, Dr. Diego Montezanti, Dr. Marcelo Cappelletti, Ing. Florencia Navarro, Dr. MartinMorales. Dise\u00f1o de una Plataforma de IoT para el monitoreo y control de par\u00e1metros en cultivos a cielo abierto y bajo cubierta. CONAIISI 2022 (Congreso Nacional en Ingenier\u00eda en Sistemas de Informaci\u00f3n) Concepci\u00f3n del Uruguay, Entre R\u00edos, 3\/11\/2022<\/li><li>Facundo Chazarreta, Mat\u00edas Busum Fradera, Jorge R. Osio, Juan E. Salvatore, Morales D. Mart\u00edn. Dise\u00f1o de una plataforma de servicios IoT para aplicaciones de inter\u00e9s social.CONAIISI 2022 (Congreso Nacional en Ingenier\u00eda en Sistemas de Informaci\u00f3n) Concepci\u00f3n del Uruguay, Entre R\u00edos, 3\/11\/2022.<\/li><\/ol>\n\n\n\n<ol start=\"15\"><li>Facundo Chazarreta, Mat\u00edas Busum Fradera, Jorge R. Osio, Juan E. Salvatore, Morales D. Mart\u00edn. Dise\u00f1o de una plataforma para servicios IoT con aplicaciones en el sector productivo.Argentina. La Plata Bs. As. 18 y 19 de agosto de 2022. Congreso. Congreso Argentino de Sistemas Embebidos.<\/li><\/ol>\n\n\n\n<ol start=\"16\"><li>Lucas Barrera; Mat\u00edas Rodriguez; Rom\u00e1n Bond; Mart\u00edn Morales; Diego Encinas. Dise\u00f1o de un ox\u00edmetro de pulso. Prototipo de pruebas<strong>. <\/strong>Argentina. La Rioja. 3 al 6 de octubre de 2022. Congreso.XXVIII Congreso Argentino de Ciencias de la Computaci\u00f3n.<\/li><\/ol>\n\n\n\n<ol start=\"17\"><li>Nicol\u00e1s Benquerenca Mendes; Rom\u00e1n Bond; Mart\u00edn Morales; Diego Encinas. Sistema de Archivos Paralelos con Aplicaciones de Machine Learning.Argentina. La Rioja. 3 al 6 de octubre de 2022. Congreso. XXVIII Congreso Argentino de Ciencias de la Computaci\u00f3n.<\/li><\/ol>\n\n\n\n<ol start=\"18\"><li>Jorge Osio, Juan Salvatore, Mauro Salina, Marcelo Cappelletti, Diego Montezanti, Nicole Denon, SantiagoDoti, Lucas Olivera, Christian Botta, Mat\u00edas Busum Fradera, Facundo Chazarreta, Luis Daniel TercerosQuiroz, Diego Encinas, Mart\u00edn Morales. Tecnolog\u00edas de Smart IoT y aprendizaje autom\u00e1tico para la soluci\u00f3n de problemas en el medio productivo. Argentina. Mendoza. 2022.Workshop. XXIV Workshop de Investigadores en Ciencias de la Computaci\u00f3n.<\/li><\/ol>\n\n\n\n<ol start=\"19\"><li>Diego Encina; Jimena Jara; Rom\u00e1n Bond; Daniel Rosatto; Lucas Maccallini; Mauro Gomez; Federico Montes de Oca; Adriana Gaudiani; Mart\u00edn Morales. T\u00e9cnicas de modelado y simulaci\u00f3nen sistemas de HPC y salud<strong>. <\/strong>Argentina. Mendoza. 28 y 29 de abril 2022. Workshop. XXIVWorkshop de Investigadores en Ciencias de la Computaci\u00f3n.<\/li><\/ol>\n\n\n\n<ol start=\"20\"><li>Diego Encinas; Brian Galarza; Rom\u00e1n Bond; Gonzalo Zaccardi; Nicol\u00e1s Benquereca Mendes; Jorge Osio; David Duarte; Mart\u00edn Morales. Cloud Computing, IaaS privados y p\u00fablicos para el an\u00e1lisis y modelado de sistemas. Argentina. Mendoza. 28 y 29 de abril 2022.Workshop. XXIVWorkshop de Investigadores en Ciencias de la Computaci\u00f3n.<\/li><\/ol>\n\n\n\n<ol start=\"21\"><li>Jos\u00e9 A. Rapallini, Omar E. Rodriguez. \u00a8Incorporaci\u00f3n de la tem\u00e1tica de nuevas tecnolog\u00edas en c\u00e1tedras de grado y posgrado a trav\u00e9s de trabajos de investigaci\u00f3n, desarrollo e innovaci\u00f3n para la aprobaci\u00f3n de sus contenidos\u00a8. Jornada de Implementaci\u00f3n y Gesti\u00f3n Sostenible de la Transformaci\u00f3n Digital &#8211; La ense\u00f1anza de la i4.0 en las carreras de ingenier\u00eda. Convocada por la Red de Referentes de Industria 4.0 del CONFEDI. Congreso Virtual. 15 noviembre 2022<\/li><\/ol>\n\n\n\n<h3 id=\"reuniones-cientificas-internacionales\"><a><\/a><a><\/a>Reuniones cient\u00edficas internacionales<\/h3>\n\n\n\n<ul><li>H\u00e9ctor Osvaldo Pascual, Ariel Adri\u00e1n Albanese, Jos\u00e9 Luis Maccarone, \u201cAlcances de la Expresi\u00f3n dada por IEC e IEEE para Obtener el Factor de Desbalance con los M\u00f3dulos de Tensiones o Corrientes,\u201d <em>Congreso Internacional de Distribuci\u00f3n El\u00e9ctrica \u201cCIDEL Argentina 2022\u201d<\/em>, Buenos Aires, Argentina, 31 de octubre y 2 de noviembre de 2022. (6 p\u00e1ginas) (<a href=\"http:\/\/www.cidel2022.com\/\">http:\/\/www.cidel2022.com<\/a>).<\/li><li>Susana Juanto, Juan Vazquez, Fabiana Prodanoff, Mariela Doucet. \u00a8Aportes de Qu\u00edmica al Programa NEXOS\u00a8. VII Jornadas Nacionales y IV Latinoamericanas, Ingreso y Permanencia en Carreras Cient\u00edfico-Tecnol\u00f3gias. San Nicolas, Buenos Aires. 12 de octubre de 2022.<\/li><\/ul>\n\n\n\n<p><\/p>\n\n\n\n<p><\/p>\n\n\n\n<p><\/p>\n\n\n\n<p><\/p>\n\n\n\n<p><\/p>\n\n\n\n<p><\/p>\n\n\n\n<p><\/p>\n\n\n\n<p><\/p>\n\n\n\n<p><\/p>\n\n\n\n<p><\/p>\n\n\n\n<p><\/p>\n\n\n\n<p><\/p>\n\n\n\n<p><\/p>\n\n\n\n<p><\/p>\n\n\n\n<p><\/p>\n\n\n\n<p><\/p>\n\n\n\n<p><\/p>\n\n\n\n<p><\/p>\n","protected":false},"excerpt":{"rendered":"<p>Trabajos presentados en congresos y reuniones cient\u00edficas con referato Rodriguez Inti, Guicciardini Agust\u00edn, Merker Germ\u00e1n, Jos\u00e9 L. Maccarone, Pascual Osvaldo, Abel Abraham, \u201cEn el Camino de Transformaci\u00f3n a Ciudades Inteligentes Centro de Carga de EVS \u2013 Caso San Miguel del Monte,\u201d XI SEMINARIO NACIONAL DE ENERG\u00cdA Y SU USO EFICIENTE, Organizado por la Secretar\u00eda de [&hellip;]<\/p>\n","protected":false},"author":2,"featured_media":0,"parent":0,"menu_order":0,"comment_status":"closed","ping_status":"closed","template":"","meta":[],"_links":{"self":[{"href":"https:\/\/codapli.frlp.utn.edu.ar\/index.php\/wp-json\/wp\/v2\/pages\/390"}],"collection":[{"href":"https:\/\/codapli.frlp.utn.edu.ar\/index.php\/wp-json\/wp\/v2\/pages"}],"about":[{"href":"https:\/\/codapli.frlp.utn.edu.ar\/index.php\/wp-json\/wp\/v2\/types\/page"}],"author":[{"embeddable":true,"href":"https:\/\/codapli.frlp.utn.edu.ar\/index.php\/wp-json\/wp\/v2\/users\/2"}],"replies":[{"embeddable":true,"href":"https:\/\/codapli.frlp.utn.edu.ar\/index.php\/wp-json\/wp\/v2\/comments?post=390"}],"version-history":[{"count":16,"href":"https:\/\/codapli.frlp.utn.edu.ar\/index.php\/wp-json\/wp\/v2\/pages\/390\/revisions"}],"predecessor-version":[{"id":424,"href":"https:\/\/codapli.frlp.utn.edu.ar\/index.php\/wp-json\/wp\/v2\/pages\/390\/revisions\/424"}],"wp:attachment":[{"href":"https:\/\/codapli.frlp.utn.edu.ar\/index.php\/wp-json\/wp\/v2\/media?parent=390"}],"curies":[{"name":"wp","href":"https:\/\/api.w.org\/{rel}","templated":true}]}}