{"id":55,"date":"2018-08-06T15:08:26","date_gmt":"2018-08-06T18:08:26","guid":{"rendered":"https:\/\/atr.frlp.utn.edu.ar\/codapli\/?page_id=55"},"modified":"2020-07-01T22:38:16","modified_gmt":"2020-07-02T01:38:16","slug":"objetivos","status":"publish","type":"page","link":"https:\/\/codapli.frlp.utn.edu.ar\/index.php\/objetivos\/","title":{"rendered":"Objetivos"},"content":{"rendered":"\n<p>La propuesta del Centro \u201cCodise\u00f1o&nbsp;Aplicado\u201d se refiere a c\u00f3mo se aplica la&nbsp;creatividad colectiva a trav\u00e9s de toda la duraci\u00f3n de un proceso de dise\u00f1o,&nbsp;reuniendo a dise\u00f1adores espec\u00edficos y personas relacionadas con el uso e&nbsp;implementaci\u00f3n del objeto. Se considera una potencial herramienta con la cual&nbsp;enfocar el desarrollo de productos, en una industria que requiere nuevas&nbsp;tecnolog\u00edas y procesos para abordar el dise\u00f1o de artefactos cada vez m\u00e1s&nbsp;complejos y satisfacer de esta manera las altas expectativas de los clientes.&nbsp;\u200b<\/p>\n\n\n\n<p>El&nbsp;codise\u00f1o&nbsp;re\u00fane la creatividad de los dise\u00f1adores a las de personas que tienen&nbsp;otros perfiles y trabajan juntas en el proceso de elaboraci\u00f3n del dise\u00f1o.&nbsp;<\/p>\n\n\n\n<h3>Desarrollo<\/h3>\n\n\n\n<p>Se trabaja en dos \u00e1reas del conocimiento espec\u00edfico, Ingenier\u00eda&nbsp;El\u00e9ctrica y la Ingenier\u00eda en Sistemas de Informaci\u00f3n, llevando a&nbsp;una conjunci\u00f3n de proyectos interrelacionados.&nbsp;\u200b<\/p>\n\n\n\n<p>Se abarcan tem\u00e1ticas como: redes el\u00e9ctricas inteligentes (con&nbsp;energ\u00edas convencionales y no convencionales, permitiendo an\u00e1lisis&nbsp;en tiempo real), sistemas de sensores inteligentes en red, visi\u00f3n&nbsp;artificial en 2D y 3D en procesos industriales, inteligencia&nbsp;operacional en tiempo real, rob\u00f3tica aplicada para&nbsp;instrumentaci\u00f3n y control de sistemas. Generando propuestas&nbsp;innovadoras y permitiendo la concientizaci\u00f3n de problem\u00e1ticas&nbsp;como la racionalizaci\u00f3n de energ\u00eda.&nbsp;<\/p>\n\n\n\n<h3>Misi\u00f3n<\/h3>\n\n\n\n<ul><li>Generar un \u00e1mbito de trabajo colaborativo en Investigaci\u00f3n, desarrollo e\u00a0innovaci\u00f3n (I+D+i) multidisciplinario, atento a las demandas sociales entorno a las\u00a0necesidades existentes en entornos socio productivo e industrias regionales. Estos\u00a0contextos representan las \u00e1reas prioritarias del estado nacional, provincial y local.\u00a0\u200b<\/li><li>Propiciar un contexto de trabajo colectivo, m\u00e1s all\u00e1 de las metas individuales de\u00a0sus integrantes respecto a la producci\u00f3n cient\u00edfica, basado fuertemente en la\u00a0vinculaci\u00f3n de las l\u00edneas de investigaci\u00f3n con los contenidos y perfil de las\u00a0Carreras de Ingenier\u00eda en Sistemas de informaci\u00f3n y El\u00e9ctrica.\u00a0\u200b<\/li><li>Promover el uso e innovaci\u00f3n de herramientas software\/hardware aplicados en las\u00a0distintas actividades que se desarrollen.\u00a0\u200b<\/li><li>Formar recursos humanos en investigaci\u00f3n, desarrollo tecnol\u00f3gico, transferencia\u00a0de tecnolog\u00edas, innovaci\u00f3n y docencia.\u00a0<\/li><li>Constituir un medio de formaci\u00f3n, consulta y asesoramiento en nuevas\u00a0tecnolog\u00edas para docentes y alumnos de la UTN &#8211; Facultad Regional La Plata y\u00a0otras instituciones de nivel terciario y universitario de la regi\u00f3n, nacionales y\u00a0del exterior.\u00a0\u200b<\/li><li>Promover la participaci\u00f3n de los integrantes y comunidad de la FRLP en\u00a0general, en reuniones cient\u00edficas, seminarios y congresos nacionales e\u00a0internacionales para conocer y discutir los avances de otros grupos de trabajo\u00a0en las \u00e1reas de inter\u00e9s.\u00a0\u200b<\/li><li>Contribuir a la integraci\u00f3n con otros Grupos\/Centros de\u00a0I&amp;D+i\u00a0de la regional a\u00a0trav\u00e9s de la organizaci\u00f3n de eventos de divulgaci\u00f3n cient\u00edfico-tecnol\u00f3gica\u00a0respecto a los resultados obtenidos y l\u00edneas de investigaci\u00f3n.\u00a0<\/li><\/ul>\n","protected":false},"excerpt":{"rendered":"<p>La propuesta del Centro \u201cCodise\u00f1o&nbsp;Aplicado\u201d se refiere a c\u00f3mo se aplica la&nbsp;creatividad colectiva a trav\u00e9s de toda la duraci\u00f3n de un proceso de dise\u00f1o,&nbsp;reuniendo a dise\u00f1adores espec\u00edficos y personas relacionadas con el uso e&nbsp;implementaci\u00f3n del objeto. Se considera una potencial herramienta con la cual&nbsp;enfocar el desarrollo de productos, en una industria que requiere nuevas&nbsp;tecnolog\u00edas y [&hellip;]<\/p>\n","protected":false},"author":1,"featured_media":0,"parent":0,"menu_order":0,"comment_status":"closed","ping_status":"closed","template":"","meta":[],"_links":{"self":[{"href":"https:\/\/codapli.frlp.utn.edu.ar\/index.php\/wp-json\/wp\/v2\/pages\/55"}],"collection":[{"href":"https:\/\/codapli.frlp.utn.edu.ar\/index.php\/wp-json\/wp\/v2\/pages"}],"about":[{"href":"https:\/\/codapli.frlp.utn.edu.ar\/index.php\/wp-json\/wp\/v2\/types\/page"}],"author":[{"embeddable":true,"href":"https:\/\/codapli.frlp.utn.edu.ar\/index.php\/wp-json\/wp\/v2\/users\/1"}],"replies":[{"embeddable":true,"href":"https:\/\/codapli.frlp.utn.edu.ar\/index.php\/wp-json\/wp\/v2\/comments?post=55"}],"version-history":[{"count":4,"href":"https:\/\/codapli.frlp.utn.edu.ar\/index.php\/wp-json\/wp\/v2\/pages\/55\/revisions"}],"predecessor-version":[{"id":351,"href":"https:\/\/codapli.frlp.utn.edu.ar\/index.php\/wp-json\/wp\/v2\/pages\/55\/revisions\/351"}],"wp:attachment":[{"href":"https:\/\/codapli.frlp.utn.edu.ar\/index.php\/wp-json\/wp\/v2\/media?parent=55"}],"curies":[{"name":"wp","href":"https:\/\/api.w.org\/{rel}","templated":true}]}}